{"id":4717,"date":"2024-11-20T22:21:08","date_gmt":"2024-11-20T09:21:08","guid":{"rendered":"https:\/\/www.walkingtheshadowlands.com\/?page_id=4717"},"modified":"2024-11-20T22:22:03","modified_gmt":"2024-11-20T09:22:03","slug":"4717-2","status":"publish","type":"page","link":"https:\/\/www.walkingtheshadowlands.com\/?page_id=4717","title":{"rendered":"What is D\u00e9j\u00e0 Vu?"},"content":{"rendered":"<p><div class=\"fusion-fullwidth fullwidth-box fusion-builder-row-1 fusion-flex-container has-pattern-background has-mask-background nonhundred-percent-fullwidth non-hundred-percent-height-scrolling\" style=\"--awb-border-radius-top-left:0px;--awb-border-radius-top-right:0px;--awb-border-radius-bottom-right:0px;--awb-border-radius-bottom-left:0px;--awb-flex-wrap:wrap;\" ><div class=\"fusion-builder-row fusion-row fusion-flex-align-items-flex-start fusion-flex-content-wrap\" style=\"max-width:1248px;margin-left: calc(-4% \/ 2 );margin-right: calc(-4% \/ 2 );\"><div class=\"fusion-layout-column fusion_builder_column fusion-builder-column-0 fusion_builder_column_1_1 1_1 fusion-flex-column\" style=\"--awb-bg-image:url(&#039;https:\/\/www.walkingtheshadowlands.com\/wp-content\/uploads\/2024\/11\/Screenshot-2024-11-20-at-20.17.49-e1732094427648.png&#039;);--awb-bg-size:cover;--awb-width-large:100%;--awb-margin-top-large:0px;--awb-spacing-right-large:1.92%;--awb-margin-bottom-large:20px;--awb-spacing-left-large:1.92%;--awb-width-medium:100%;--awb-order-medium:0;--awb-spacing-right-medium:1.92%;--awb-spacing-left-medium:1.92%;--awb-width-small:100%;--awb-order-small:0;--awb-spacing-right-small:1.92%;--awb-spacing-left-small:1.92%;\" data-scroll-devices=\"small-visibility,medium-visibility,large-visibility\"><div class=\"fusion-column-wrapper fusion-column-has-shadow fusion-flex-justify-content-flex-start fusion-content-layout-column fusion-column-has-bg-image\" data-bg-url=\"https:\/\/www.walkingtheshadowlands.com\/wp-content\/uploads\/2024\/11\/Screenshot-2024-11-20-at-20.17.49-e1732094427648.png\"><div class=\"fusion-separator fusion-full-width-sep\" style=\"align-self: center;margin-left: auto;margin-right: auto;margin-top:50px;margin-bottom:50px;width:100%;\"><\/div><div class=\"fusion-title title fusion-title-1 fusion-sep-none fusion-title-text fusion-title-size-one\" style=\"--awb-text-color:#ffffff;--awb-sep-color:var(--awb-color5);--awb-font-size:30px;\"><h1 class=\"fusion-title-heading title-heading-left\" style=\"font-family:&quot;Open Sans&quot;;font-style:normal;font-weight:300;margin:0;letter-spacing:var(--awb-typography1-letter-spacing);text-transform:var(--awb-typography1-text-transform);font-size:1em;line-height:var(--awb-typography1-line-height);\"><div class=\"fusion-separator fusion-full-width-sep\" style=\"align-self: center;margin-left: auto;margin-right: auto;margin-bottom:100px;width:100%;\"><\/div>\n<p style=\"text-align: center;\"><strong>What is D\u00e9j\u00e0 Vu?<br \/>\n<\/strong><\/p>\n<div class=\"fusion-separator fusion-full-width-sep\" style=\"align-self: center;margin-left: auto;margin-right: auto;margin-top:100px;width:100%;\"><\/div><\/h1><\/div><div class=\"fusion-separator fusion-full-width-sep\" style=\"align-self: center;margin-left: auto;margin-right: auto;margin-top:50px;margin-bottom:50px;width:100%;\"><\/div><\/div><\/div><\/div><\/div><div class=\"fusion-fullwidth fullwidth-box fusion-builder-row-2 fusion-flex-container has-pattern-background has-mask-background nonhundred-percent-fullwidth non-hundred-percent-height-scrolling\" style=\"--awb-border-radius-top-left:0px;--awb-border-radius-top-right:0px;--awb-border-radius-bottom-right:0px;--awb-border-radius-bottom-left:0px;--awb-flex-wrap:wrap;\" ><div class=\"fusion-builder-row fusion-row fusion-flex-align-items-flex-start fusion-flex-content-wrap\" style=\"max-width:1248px;margin-left: calc(-4% \/ 2 );margin-right: calc(-4% \/ 2 );\"><div class=\"fusion-layout-column fusion_builder_column fusion-builder-column-1 fusion_builder_column_1_1 1_1 fusion-flex-column\" style=\"--awb-bg-size:cover;--awb-width-large:100%;--awb-margin-top-large:0px;--awb-spacing-right-large:1.92%;--awb-margin-bottom-large:20px;--awb-spacing-left-large:1.92%;--awb-width-medium:100%;--awb-order-medium:0;--awb-spacing-right-medium:1.92%;--awb-spacing-left-medium:1.92%;--awb-width-small:100%;--awb-order-small:0;--awb-spacing-right-small:1.92%;--awb-spacing-left-small:1.92%;\"><div class=\"fusion-column-wrapper fusion-column-has-shadow fusion-flex-justify-content-flex-start fusion-content-layout-column\"><div class=\"fusion-separator fusion-full-width-sep\" style=\"align-self: center;margin-left: auto;margin-right: auto;margin-top:50px;margin-bottom:50px;width:100%;\"><\/div><div class=\"fusion-text fusion-text-1\"><p><em><strong>15 Dec 2018<\/strong><\/em><\/p>\n<p>Have you ever visited \u00ada place or event for the first time and had it feel really familiar? Or maybe you\u2019re deep in conversation with a friend and you suddenly get the feeling that you\u2019ve had the exact conversation before, even though you know that you haven\u2019t? If you\u2019ve ever found yourself in either of these situations, or similar you\u2019ve experienced d\u00e9j\u00e0 vu. Sixty to 70 percent of us can admit to getting this feeling at least once in our lifetimes.<\/p>\n<h3><strong>What is D\u00e9j\u00e0 Vu?<\/strong><\/h3>\n<p>Who can experience it? Is d\u00e9j\u00e0 vu a paranormal, or a physiological occurrence? What does it really mean? These are just some of the questions I frequently hear and often am asked around this subject. Is this something new? Or has this been around as long as mankind has? What is the difference between precognition and d\u00e9j\u00e0 vu? So many questions. Is it, as in the scene from the movie \u2018The matrix\u2019 and people who have seen the movie, the first movie, will recall the black cat d\u00e9j\u00e0 vu Neo has. Is it a glitch in the matrix?<\/p>\n<p><strong>Firstly what is d\u00e9j\u00e0 vu?<\/strong><\/p>\n<p>D\u00e9j\u00e0 vu is a French term that literally means already seen and has several variations, including:<\/p>\n<ul>\n<li><strong><em>d\u00e9j\u00e0 senti<\/em><\/strong> \u2013 already thought<\/li>\n<li><em><strong>d\u00e9j\u00e0 visit\u00e9<\/strong> <\/em>\u2013 already visited<\/li>\n<li><em><strong>d\u00e9j\u00e0 entendu<\/strong><\/em> \u2013 already heard<\/li>\n<li><strong><em>d\u00e9j\u00e0 lu<\/em> <\/strong>\u2013 already read<\/li>\n<li><strong><em>d\u00e9j\u00e0 v\u00e9cu<\/em><\/strong> \u2013 already experienced<\/li>\n<\/ul>\n<p>French scientist <a href=\"https:\/\/l.facebook.com\/l.php?u=https%3A%2F%2Farchive.org%2Fdetails%2Fpsychologyoffutu00boiruoft&amp;h=AT1y9Gj2cY6Kqynk7WJ2HN2gOomfODxFouyNQiK9sAmhYAYs6Og7cOUDZriqqYtjgTgwm_ZFSQMTRV5kP_Bar2Te1MTISx3tsXwJWdOxwKrjbJDvQS771_w71Y_eHOTa4ZiZUlA7cQ\">Emile Boirac<\/a>, one of the first to study this strange phenomenon, gave the subject its name in 1876.<\/p>\n<h3><strong>What is d\u00e9j\u00e0 vu like?<\/strong><\/h3>\n<p>My first vivid recollection of an enormous d\u00e9j\u00e0 vu, happened to me when I was about 20 years old, and for me it was actually life altering cause it helped me to waken to this area of interest. I had just completed my nurse\u2019s training and was acting in a play in Wellington, for one of the early fringe festivals. We had a cast party. I was about to eat something, a meatball with herbs in it. I remember this clearly, when all of a sudden, I realised I had seen \/ experienced this all before. It shook me actually, and it was the first time ever in my life I had meatballs or herbs \u2013 so I know I had not experienced it before. Mum was a very plain cook. I must have had a shocked look on my face, because someone asked me what was wrong. So I told them, then someone piped up and told me what it was. I had never ever heard of the term before. Since then I have had d\u00e9j\u00e0 vu experiences on and off over the years.<\/p>\n<p>In his book, Our Old Home-A Series of English Sketches1, Nathaniel Hawthorne (1804-1864) related his d\u00e9j\u00e0 vu experience, in visiting the kitchen of the English manor, Stanton Harcourt. Upon entering the place, Hawthorne was struck with the eerie feeling that \u201csomewhere or other I had seen just this strange spectacle before.\u201d The kitchen was huge, taking up all of a 70-foot tower and Hawthorne described it as a \u201cvast chimney\u201d that held the \u201creminiscence of the fires and feasts of generations that have passed away.\u201d Although certain he had never before seen the room or any room similar, he described the sensation as \u201cthat odd state of mind wherein we fitfully and teasingly remember some previous scene or incident, of which the one now passing appears to be but the echo and reduplication.\u201d<\/p>\n<p>One of the then <a href=\"https:\/\/l.facebook.com\/l.php?u=http%3A%2F%2Fwww.shadowlands.co.nz%2F%3Ffbclid%3DIwAR1mHW6iExTIRDXVD6JA94XMgEl8jqp824V4VuT16mB7X3_s0DFNIf2YbUA&amp;h=AT05TmxiTQzUucsGAFJK_mkLhDvV3o0EZPV7uJxMFT4sc1SgdDjmGFc_Z77bPOygnrzgSPWkgb1Bw2-AsFZ3vRQKl5sY2uUZa30WgjGBC_LZZasnAuJkDFsGx3hPLMVqSLp7mpn_8w\">Shadowland Paranormal Investigation<\/a> team members, actually had a huge one at one of our first team meetings. We were all sitting talking, when all of a sudden she gets this stunned look on her face and she told us that she was having a d\u00e9j\u00e0 vu moment, that she had experienced this before. So cool. Which actually brings me to another question that I am often asked:<\/p>\n<h3><strong>Is there a difference between d\u00e9j\u00e0 vu and precognition?<\/strong><\/h3>\n<p>Yes actually, they are quite different, even though they may engender the same sort of feeling on the actual experience. The easiest way of explaining it is that with <a href=\"https:\/\/l.facebook.com\/l.php?u=http%3A%2F%2Fshadowlands.co.nz%2Fterminology%3Ffbclid%3DIwAR2nZ3Dctx7FcjdLIzMpxV5W6f2B3arpHXLyDzzyf8MxvpvYx7K-5wbqYTY&amp;h=AT3zRL2LtxbbCkZhPFHLY9xLxnAAKE6ykOhYKumUOW5ZdLhBsUU1uJ4tdIErhL3057NNncMDfwXRDRyaoLxh2_i-lEMi5BRujyFmjRElqF9GbC9vYVl5aE-7-CMhvzU9aPaD885AIg\">precognition<\/a> you are seeing the event for the first time, whereas with d\u00e9j\u00e0 vu you are experiencing it again.<\/p>\n<p>There is a school of thought that explains d\u00e9j\u00e0 vu as being a function of the brain \u2013 and I have linked a very good, short video below this blog that explains the scientific perspective and d\u00e9j\u00e0 vu itself in a very clear manner. Myself, I am not so convinced that it is entirely scientifically explained. But there is much about the human brain and it\u2019s functions that remain a mystery to this day \u2013 and not everything can be explained by science, although many would debate that.<\/p>\n<p style=\"text-align: center;\"><div class=\"fusion-video fusion-youtube fusion-aligncenter\" style=\"--awb-max-width:500px;--awb-max-height:350px;--awb-width:100%;\"><div class=\"video-shortcode\"><div class=\"fluid-width-video-wrapper\" style=\"padding-top:70%;\" ><iframe title=\"YouTube video player 1\" src=\"https:\/\/www.youtube.com\/embed\/ut8mYGi0YRs?wmode=transparent&autoplay=0\" width=\"500\" height=\"350\" allowfullscreen allow=\"autoplay; clipboard-write; encrypted-media; gyroscope; picture-in-picture;\"><\/iframe><\/div><\/div><\/div><\/p>\n<\/div><\/div><\/div><\/div><\/div><\/p>\n","protected":false},"excerpt":{"rendered":"","protected":false},"author":1,"featured_media":0,"parent":0,"menu_order":0,"comment_status":"closed","ping_status":"closed","template":"","meta":{"_seopress_robots_primary_cat":"","_seopress_titles_title":"","_seopress_titles_desc":"","_seopress_robots_index":"","footnotes":""},"class_list":["post-4717","page","type-page","status-publish","hentry"],"_links":{"self":[{"href":"https:\/\/www.walkingtheshadowlands.com\/index.php?rest_route=\/wp\/v2\/pages\/4717","targetHints":{"allow":["GET"]}}],"collection":[{"href":"https:\/\/www.walkingtheshadowlands.com\/index.php?rest_route=\/wp\/v2\/pages"}],"about":[{"href":"https:\/\/www.walkingtheshadowlands.com\/index.php?rest_route=\/wp\/v2\/types\/page"}],"author":[{"embeddable":true,"href":"https:\/\/www.walkingtheshadowlands.com\/index.php?rest_route=\/wp\/v2\/users\/1"}],"replies":[{"embeddable":true,"href":"https:\/\/www.walkingtheshadowlands.com\/index.php?rest_route=%2Fwp%2Fv2%2Fcomments&post=4717"}],"version-history":[{"count":3,"href":"https:\/\/www.walkingtheshadowlands.com\/index.php?rest_route=\/wp\/v2\/pages\/4717\/revisions"}],"predecessor-version":[{"id":4724,"href":"https:\/\/www.walkingtheshadowlands.com\/index.php?rest_route=\/wp\/v2\/pages\/4717\/revisions\/4724"}],"wp:attachment":[{"href":"https:\/\/www.walkingtheshadowlands.com\/index.php?rest_route=%2Fwp%2Fv2%2Fmedia&parent=4717"}],"curies":[{"name":"wp","href":"https:\/\/api.w.org\/{rel}","templated":true}]}}